{"id":1418,"date":"2021-11-28T19:38:38","date_gmt":"2021-11-28T18:38:38","guid":{"rendered":"https:\/\/sfrms-app.fr\/?page_id=1418"},"modified":"2021-11-28T19:38:38","modified_gmt":"2021-11-28T18:38:38","slug":"questionnaire-echelle-de-severite-de-linsomnie","status":"publish","type":"page","link":"https:\/\/sfrms-app.fr\/index.php\/questionnaire-echelle-de-severite-de-linsomnie\/","title":{"rendered":"Questionnaire \u00c9chelle de s\u00e9v\u00e9rit\u00e9 de l\u2019insomnie"},"content":{"rendered":"<div id=\"watu_quiz\" class=\"quiz-area single-page-quiz\">\n<p><\/p><p>Pour chaque question ci-dessous, veuillez entourer le chiffre correspondant le mieux &agrave; vos habitudes de <a href=\"https:\/\/sfrms-app.fr\/index.php\/glossary\/sommeil\/\" title=\"Glossary: Sommeil\"  class=\"glossaryLink\">sommeil<\/a> au cours du MOIS DERNIER.<br>\nPour les trois premi&egrave;res questions, veuillez &eacute;valuer la <a href=\"https:\/\/sfrms-app.fr\/index.php\/glossary\/severite\/\" title=\"Glossary: S&eacute;v&eacute;rit&eacute;\" class=\"glossaryLink\">S&Eacute;V&Eacute;RIT&Eacute;<\/a> de vos difficult&eacute;s de sommeil.<\/p>\n<form action=\"\" method=\"post\" class=\"quiz-form watu-button-style\" id=\"quiz-3\">\n<div class=\"watu-question\" id=\"question-1\"><div class=\"question-content\"><p><span class=\"watu_num\">1. <\/span>Difficult&eacute;s &agrave; s&rsquo;endormir?<\/p>\n<\/div><input type=\"hidden\" name=\"question_id[]\" value=\"32\"><div class=\"watu-questions-wrap \"><input type=\"hidden\" name=\"answer_ids[]\" class=\"watu-answer-ids\" value=\"288\"><div class=\"watu-question-choice\"><input type=\"radio\" name=\"answer-32[]\" id=\"answer-id-288\" class=\"answer answer-1  answerof-32\" value=\"288\">&nbsp;<label for=\"answer-id-288\" id=\"answer-label-288\" class=\" answer label-1\"><span class=\"answer\">Aucune<\/span><\/label><\/div>\n<input type=\"hidden\" name=\"answer_ids[]\" class=\"watu-answer-ids\" value=\"289\"><div class=\"watu-question-choice\"><input type=\"radio\" name=\"answer-32[]\" id=\"answer-id-289\" class=\"answer answer-1  answerof-32\" value=\"289\">&nbsp;<label for=\"answer-id-289\" id=\"answer-label-289\" class=\" answer label-1\"><span class=\"answer\">L&eacute;g&egrave;re<\/span><\/label><\/div>\n<input type=\"hidden\" name=\"answer_ids[]\" class=\"watu-answer-ids\" value=\"290\"><div class=\"watu-question-choice\"><input type=\"radio\" name=\"answer-32[]\" id=\"answer-id-290\" class=\"answer answer-1  answerof-32\" value=\"290\">&nbsp;<label for=\"answer-id-290\" id=\"answer-label-290\" class=\" answer label-1\"><span class=\"answer\">Moyenne<\/span><\/label><\/div>\n<input type=\"hidden\" name=\"answer_ids[]\" class=\"watu-answer-ids\" value=\"291\"><div class=\"watu-question-choice\"><input type=\"radio\" name=\"answer-32[]\" id=\"answer-id-291\" class=\"answer answer-1  answerof-32\" value=\"291\">&nbsp;<label for=\"answer-id-291\" id=\"answer-label-291\" class=\" answer label-1\"><span class=\"answer\">S&eacute;v&egrave;re<\/span><\/label><\/div>\n<input type=\"hidden\" name=\"answer_ids[]\" class=\"watu-answer-ids\" value=\"292\"><div class=\"watu-question-choice\"><input type=\"radio\" name=\"answer-32[]\" id=\"answer-id-292\" class=\"answer answer-1  answerof-32\" value=\"292\">&nbsp;<label for=\"answer-id-292\" id=\"answer-label-292\" class=\" answer label-1\"><span class=\"answer\">Extr&ecirc;me<\/span><\/label><\/div>\n<\/div><input type=\"hidden\" id=\"questionType1\" value=\"radio\" class=\"required\"><\/div><div class=\"watu-question\" id=\"question-2\"><div class=\"question-content\"><p><span class=\"watu_num\">2. <\/span>Difficult&eacute; &agrave; rester endormi(e)?<\/p>\n<\/div><input type=\"hidden\" name=\"question_id[]\" value=\"33\"><div class=\"watu-questions-wrap \"><input type=\"hidden\" name=\"answer_ids[]\" class=\"watu-answer-ids\" value=\"283\"><div class=\"watu-question-choice\"><input type=\"radio\" name=\"answer-33[]\" id=\"answer-id-283\" class=\"answer answer-2  answerof-33\" value=\"283\">&nbsp;<label for=\"answer-id-283\" id=\"answer-label-283\" class=\" answer label-2\"><span class=\"answer\">Aucune<br>\n<\/span><\/label><\/div>\n<input type=\"hidden\" name=\"answer_ids[]\" class=\"watu-answer-ids\" value=\"284\"><div class=\"watu-question-choice\"><input type=\"radio\" name=\"answer-33[]\" id=\"answer-id-284\" class=\"answer answer-2  answerof-33\" value=\"284\">&nbsp;<label for=\"answer-id-284\" id=\"answer-label-284\" class=\" answer label-2\"><span class=\"answer\"> L&eacute;g&egrave;re<br>\n<\/span><\/label><\/div>\n<input type=\"hidden\" name=\"answer_ids[]\" class=\"watu-answer-ids\" value=\"285\"><div class=\"watu-question-choice\"><input type=\"radio\" name=\"answer-33[]\" id=\"answer-id-285\" class=\"answer answer-2  answerof-33\" value=\"285\">&nbsp;<label for=\"answer-id-285\" id=\"answer-label-285\" class=\" answer label-2\"><span class=\"answer\"> Moyenne<br>\n<\/span><\/label><\/div>\n<input type=\"hidden\" name=\"answer_ids[]\" class=\"watu-answer-ids\" value=\"286\"><div class=\"watu-question-choice\"><input type=\"radio\" name=\"answer-33[]\" id=\"answer-id-286\" class=\"answer answer-2  answerof-33\" value=\"286\">&nbsp;<label for=\"answer-id-286\" id=\"answer-label-286\" class=\" answer label-2\"><span class=\"answer\"> S&eacute;v&egrave;re<br>\n<\/span><\/label><\/div>\n<input type=\"hidden\" name=\"answer_ids[]\" class=\"watu-answer-ids\" value=\"287\"><div class=\"watu-question-choice\"><input type=\"radio\" name=\"answer-33[]\" id=\"answer-id-287\" class=\"answer answer-2  answerof-33\" value=\"287\">&nbsp;<label for=\"answer-id-287\" id=\"answer-label-287\" class=\" answer label-2\"><span class=\"answer\"> Extr&ecirc;me<\/span><\/label><\/div>\n<\/div><input type=\"hidden\" id=\"questionType2\" value=\"radio\" class=\"required\"><\/div><div class=\"watu-question\" id=\"question-3\"><div class=\"question-content\"><p><span class=\"watu_num\">3. <\/span>Probl&egrave;me de r&eacute;veils trop t&ocirc;t le matin?<\/p>\n<\/div><input type=\"hidden\" name=\"question_id[]\" value=\"34\"><div class=\"watu-questions-wrap \"><input type=\"hidden\" name=\"answer_ids[]\" class=\"watu-answer-ids\" value=\"278\"><div class=\"watu-question-choice\"><input type=\"radio\" name=\"answer-34[]\" id=\"answer-id-278\" class=\"answer answer-3  answerof-34\" value=\"278\">&nbsp;<label for=\"answer-id-278\" id=\"answer-label-278\" class=\" answer label-3\"><span class=\"answer\">Aucune<br>\n<\/span><\/label><\/div>\n<input type=\"hidden\" name=\"answer_ids[]\" class=\"watu-answer-ids\" value=\"279\"><div class=\"watu-question-choice\"><input type=\"radio\" name=\"answer-34[]\" id=\"answer-id-279\" class=\"answer answer-3  answerof-34\" value=\"279\">&nbsp;<label for=\"answer-id-279\" id=\"answer-label-279\" class=\" answer label-3\"><span class=\"answer\"> L&eacute;g&egrave;re<br>\n <\/span><\/label><\/div>\n<input type=\"hidden\" name=\"answer_ids[]\" class=\"watu-answer-ids\" value=\"280\"><div class=\"watu-question-choice\"><input type=\"radio\" name=\"answer-34[]\" id=\"answer-id-280\" class=\"answer answer-3  answerof-34\" value=\"280\">&nbsp;<label for=\"answer-id-280\" id=\"answer-label-280\" class=\" answer label-3\"><span class=\"answer\">Moyenne<br>\n<\/span><\/label><\/div>\n<input type=\"hidden\" name=\"answer_ids[]\" class=\"watu-answer-ids\" value=\"281\"><div class=\"watu-question-choice\"><input type=\"radio\" name=\"answer-34[]\" id=\"answer-id-281\" class=\"answer answer-3  answerof-34\" value=\"281\">&nbsp;<label for=\"answer-id-281\" id=\"answer-label-281\" class=\" answer label-3\"><span class=\"answer\"> S&eacute;v&egrave;re<br>\n <\/span><\/label><\/div>\n<input type=\"hidden\" name=\"answer_ids[]\" class=\"watu-answer-ids\" value=\"282\"><div class=\"watu-question-choice\"><input type=\"radio\" name=\"answer-34[]\" id=\"answer-id-282\" class=\"answer answer-3  answerof-34\" value=\"282\">&nbsp;<label for=\"answer-id-282\" id=\"answer-label-282\" class=\" answer label-3\"><span class=\"answer\">Extr&ecirc;me<\/span><\/label><\/div>\n<\/div><input type=\"hidden\" id=\"questionType3\" value=\"radio\" class=\"required\"><\/div><div class=\"watu-question\" id=\"question-4\"><div class=\"question-content\"><p><span class=\"watu_num\">4. <\/span>A quelle point &ecirc;tes vous satisfait(e)\/ insatisfait(e) de votre sommeil actuel?<\/p>\n<\/div><input type=\"hidden\" name=\"question_id[]\" value=\"35\"><div class=\"watu-questions-wrap \"><input type=\"hidden\" name=\"answer_ids[]\" class=\"watu-answer-ids\" value=\"273\"><div class=\"watu-question-choice\"><input type=\"radio\" name=\"answer-35[]\" id=\"answer-id-273\" class=\"answer answer-4  answerof-35\" value=\"273\">&nbsp;<label for=\"answer-id-273\" id=\"answer-label-273\" class=\" answer label-4\"><span class=\"answer\">Tr&egrave;s satisfait(e)<\/span><\/label><\/div>\n<input type=\"hidden\" name=\"answer_ids[]\" class=\"watu-answer-ids\" value=\"274\"><div class=\"watu-question-choice\"><input type=\"radio\" name=\"answer-35[]\" id=\"answer-id-274\" class=\"answer answer-4  answerof-35\" value=\"274\">&nbsp;<label for=\"answer-id-274\" id=\"answer-label-274\" class=\" answer label-4\"><span class=\"answer\">Satisfait(e)<\/span><\/label><\/div>\n<input type=\"hidden\" name=\"answer_ids[]\" class=\"watu-answer-ids\" value=\"275\"><div class=\"watu-question-choice\"><input type=\"radio\" name=\"answer-35[]\" id=\"answer-id-275\" class=\"answer answer-4  answerof-35\" value=\"275\">&nbsp;<label for=\"answer-id-275\" id=\"answer-label-275\" class=\" answer label-4\"><span class=\"answer\">Ni satisfait(e), ni insatisfait(e)<\/span><\/label><\/div>\n<input type=\"hidden\" name=\"answer_ids[]\" class=\"watu-answer-ids\" value=\"276\"><div class=\"watu-question-choice\"><input type=\"radio\" name=\"answer-35[]\" id=\"answer-id-276\" class=\"answer answer-4  answerof-35\" value=\"276\">&nbsp;<label for=\"answer-id-276\" id=\"answer-label-276\" class=\" answer label-4\"><span class=\"answer\">Insatisfait(e)<\/span><\/label><\/div>\n<input type=\"hidden\" name=\"answer_ids[]\" class=\"watu-answer-ids\" value=\"277\"><div class=\"watu-question-choice\"><input type=\"radio\" name=\"answer-35[]\" id=\"answer-id-277\" class=\"answer answer-4  answerof-35\" value=\"277\">&nbsp;<label for=\"answer-id-277\" id=\"answer-label-277\" class=\" answer label-4\"><span class=\"answer\">Tr&egrave;s insatisfait(e)<\/span><\/label><\/div>\n<\/div><input type=\"hidden\" id=\"questionType4\" value=\"radio\" class=\"required\"><\/div><div class=\"watu-question\" id=\"question-5\"><div class=\"question-content\"><p><span class=\"watu_num\">5. <\/span>Jusqu&rsquo;&agrave; quel point consid&eacute;rez-vous que vos difficult&eacute;s de sommeil&nbsp; perturbent votre fonctionnement quotidien(ex: fatiguent durant le jour, m&eacute;moire, concentration et\/ou <a href=\"https:\/\/sfrms-app.fr\/index.php\/glossary\/humeur\/\" title=\"Glossary: Humeur\"  class=\"glossaryLink\">humeur<\/a>)?<\/p>\n<\/div><input type=\"hidden\" name=\"question_id[]\" value=\"36\"><div class=\"watu-questions-wrap \"><input type=\"hidden\" name=\"answer_ids[]\" class=\"watu-answer-ids\" value=\"268\"><div class=\"watu-question-choice\"><input type=\"radio\" name=\"answer-36[]\" id=\"answer-id-268\" class=\"answer answer-5  answerof-36\" value=\"268\">&nbsp;<label for=\"answer-id-268\" id=\"answer-label-268\" class=\" answer label-5\"><span class=\"answer\">Aucunement<\/span><\/label><\/div>\n<input type=\"hidden\" name=\"answer_ids[]\" class=\"watu-answer-ids\" value=\"269\"><div class=\"watu-question-choice\"><input type=\"radio\" name=\"answer-36[]\" id=\"answer-id-269\" class=\"answer answer-5  answerof-36\" value=\"269\">&nbsp;<label for=\"answer-id-269\" id=\"answer-label-269\" class=\" answer label-5\"><span class=\"answer\">L&eacute;g&egrave;rement<\/span><\/label><\/div>\n<input type=\"hidden\" name=\"answer_ids[]\" class=\"watu-answer-ids\" value=\"270\"><div class=\"watu-question-choice\"><input type=\"radio\" name=\"answer-36[]\" id=\"answer-id-270\" class=\"answer answer-5  answerof-36\" value=\"270\">&nbsp;<label for=\"answer-id-270\" id=\"answer-label-270\" class=\" answer label-5\"><span class=\"answer\">Moyennement<\/span><\/label><\/div>\n<input type=\"hidden\" name=\"answer_ids[]\" class=\"watu-answer-ids\" value=\"271\"><div class=\"watu-question-choice\"><input type=\"radio\" name=\"answer-36[]\" id=\"answer-id-271\" class=\"answer answer-5  answerof-36\" value=\"271\">&nbsp;<label for=\"answer-id-271\" id=\"answer-label-271\" class=\" answer label-5\"><span class=\"answer\">Beaucoup<\/span><\/label><\/div>\n<input type=\"hidden\" name=\"answer_ids[]\" class=\"watu-answer-ids\" value=\"272\"><div class=\"watu-question-choice\"><input type=\"radio\" name=\"answer-36[]\" id=\"answer-id-272\" class=\"answer answer-5  answerof-36\" value=\"272\">&nbsp;<label for=\"answer-id-272\" id=\"answer-label-272\" class=\" answer label-5\"><span class=\"answer\">Enorm&eacute;ment<\/span><\/label><\/div>\n<\/div><input type=\"hidden\" id=\"questionType5\" value=\"radio\" class=\"required\"><\/div><div class=\"watu-question\" id=\"question-6\"><div class=\"question-content\"><p><span class=\"watu_num\">6. <\/span>A quel point consid&eacute;rez-vous que vos difficult&eacute;s de sommeil sont apparentes pour les autres en terme de d&eacute;t&eacute;rioration de la qualit&eacute; de votre vie?<\/p>\n<\/div><input type=\"hidden\" name=\"question_id[]\" value=\"37\"><div class=\"watu-questions-wrap \"><input type=\"hidden\" name=\"answer_ids[]\" class=\"watu-answer-ids\" value=\"253\"><div class=\"watu-question-choice\"><input type=\"radio\" name=\"answer-37[]\" id=\"answer-id-253\" class=\"answer answer-6  answerof-37\" value=\"253\">&nbsp;<label for=\"answer-id-253\" id=\"answer-label-253\" class=\" answer label-6\"><span class=\"answer\">Aucunement<br>\n<\/span><\/label><\/div>\n<input type=\"hidden\" name=\"answer_ids[]\" class=\"watu-answer-ids\" value=\"254\"><div class=\"watu-question-choice\"><input type=\"radio\" name=\"answer-37[]\" id=\"answer-id-254\" class=\"answer answer-6  answerof-37\" value=\"254\">&nbsp;<label for=\"answer-id-254\" id=\"answer-label-254\" class=\" answer label-6\"><span class=\"answer\"> L&eacute;g&egrave;rement<br>\n<\/span><\/label><\/div>\n<input type=\"hidden\" name=\"answer_ids[]\" class=\"watu-answer-ids\" value=\"255\"><div class=\"watu-question-choice\"><input type=\"radio\" name=\"answer-37[]\" id=\"answer-id-255\" class=\"answer answer-6  answerof-37\" value=\"255\">&nbsp;<label for=\"answer-id-255\" id=\"answer-label-255\" class=\" answer label-6\"><span class=\"answer\"> Moyennement<br>\n<\/span><\/label><\/div>\n<input type=\"hidden\" name=\"answer_ids[]\" class=\"watu-answer-ids\" value=\"256\"><div class=\"watu-question-choice\"><input type=\"radio\" name=\"answer-37[]\" id=\"answer-id-256\" class=\"answer answer-6  answerof-37\" value=\"256\">&nbsp;<label for=\"answer-id-256\" id=\"answer-label-256\" class=\" answer label-6\"><span class=\"answer\"> Beaucoup<br>\n<\/span><\/label><\/div>\n<input type=\"hidden\" name=\"answer_ids[]\" class=\"watu-answer-ids\" value=\"257\"><div class=\"watu-question-choice\"><input type=\"radio\" name=\"answer-37[]\" id=\"answer-id-257\" class=\"answer answer-6  answerof-37\" value=\"257\">&nbsp;<label for=\"answer-id-257\" id=\"answer-label-257\" class=\" answer label-6\"><span class=\"answer\"> Enorm&eacute;ment<\/span><\/label><\/div>\n<\/div><input type=\"hidden\" id=\"questionType6\" value=\"radio\" class=\"required\"><\/div><div class=\"watu-question\" id=\"question-7\"><div class=\"question-content\"><p><span class=\"watu_num\">7. <\/span>A quel point &ecirc;tes vous inquiet(e)\/pr&eacute;occup&eacute;(e) au sujet de vos difficult&eacute;s actuelles de sommeil?<\/p>\n<\/div><input type=\"hidden\" name=\"question_id[]\" value=\"38\"><div class=\"watu-questions-wrap \"><input type=\"hidden\" name=\"answer_ids[]\" class=\"watu-answer-ids\" value=\"263\"><div class=\"watu-question-choice\"><input type=\"radio\" name=\"answer-38[]\" id=\"answer-id-263\" class=\"answer answer-7  answerof-38\" value=\"263\">&nbsp;<label for=\"answer-id-263\" id=\"answer-label-263\" class=\" answer label-7\"><span class=\"answer\">Aucunement<br>\n<\/span><\/label><\/div>\n<input type=\"hidden\" name=\"answer_ids[]\" class=\"watu-answer-ids\" value=\"264\"><div class=\"watu-question-choice\"><input type=\"radio\" name=\"answer-38[]\" id=\"answer-id-264\" class=\"answer answer-7  answerof-38\" value=\"264\">&nbsp;<label for=\"answer-id-264\" id=\"answer-label-264\" class=\" answer label-7\"><span class=\"answer\"> L&eacute;g&egrave;rement<br>\n<\/span><\/label><\/div>\n<input type=\"hidden\" name=\"answer_ids[]\" class=\"watu-answer-ids\" value=\"265\"><div class=\"watu-question-choice\"><input type=\"radio\" name=\"answer-38[]\" id=\"answer-id-265\" class=\"answer answer-7  answerof-38\" value=\"265\">&nbsp;<label for=\"answer-id-265\" id=\"answer-label-265\" class=\" answer label-7\"><span class=\"answer\"> Moyennement<br>\n<\/span><\/label><\/div>\n<input type=\"hidden\" name=\"answer_ids[]\" class=\"watu-answer-ids\" value=\"266\"><div class=\"watu-question-choice\"><input type=\"radio\" name=\"answer-38[]\" id=\"answer-id-266\" class=\"answer answer-7  answerof-38\" value=\"266\">&nbsp;<label for=\"answer-id-266\" id=\"answer-label-266\" class=\" answer label-7\"><span class=\"answer\"> Beaucoup<br>\n<\/span><\/label><\/div>\n<input type=\"hidden\" name=\"answer_ids[]\" class=\"watu-answer-ids\" value=\"267\"><div class=\"watu-question-choice\"><input type=\"radio\" name=\"answer-38[]\" id=\"answer-id-267\" class=\"answer answer-7  answerof-38\" value=\"267\">&nbsp;<label for=\"answer-id-267\" id=\"answer-label-267\" class=\" answer label-7\"><span class=\"answer\"> Enorm&eacute;ment<\/span><\/label><\/div>\n<\/div><input type=\"hidden\" id=\"questionType7\" value=\"radio\" class=\"required\"><\/div><div style=\"display:none\" id=\"question-8\"><br><div class=\"question-content\"><img loading=\"lazy\" decoding=\"async\" src=\"https:\/\/sfrms-app.fr\/wp-content\/plugins\/watu\/loading.gif\" width=\"16\" height=\"16\" alt=\"Chargement ...\" title=\"Chargement ...\"\/>&nbsp;Chargement &hellip;<\/div><\/div><br>\n<input type=\"button\" name=\"action\" onclick=\"Watu.submitResult()\" id=\"action-button\" value=\"R&eacute;sultats\" class=\"watu-submit-button\">\n<input type=\"hidden\" name=\"no_ajax\" value=\"0\"><input type=\"hidden\" name=\"quiz_id\" value=\"3\">\n<input type=\"hidden\" id=\"watuStartTime\" name=\"start_time\" value=\"2026-05-14 00:14:54\">\n<\/form>\n<\/div>\n<div id=\"watu-loading-result\" style=\"display:none;\">\n\t<p align=\"center\"><img loading=\"lazy\" decoding=\"async\" src=\"https:\/\/sfrms-app.fr\/wp-content\/plugins\/watu\/loading.gif\" width=\"16\" height=\"16\" alt=\"Chargement\" title=\"Chargement\"\/><\/p>\n<\/div>\t\n<script type=\"text\/javascript\">\nvar exam_id=0;\nvar question_ids='';\nvar watuURL='';\njQuery(function($){\nquestion_ids = \"32,33,34,35,36,37,38\";\nexam_id = 3;\nWatu.exam_id = exam_id;\nWatu.qArr = question_ids.split(',');\nWatu.post_id = 1418;\nWatu.singlePage = '1';\nWatu.hAppID = \"0.06292900 1778710494\";\nwatuURL = \"https:\/\/sfrms-app.fr\/wp-admin\/admin-ajax.php\";\nWatu.noAlertUnanswered = 0;\n});\n<\/script>\n","protected":false},"excerpt":{"rendered":"","protected":false},"author":1,"featured_media":0,"parent":0,"menu_order":0,"comment_status":"closed","ping_status":"closed","template":"","meta":{"footnotes":""},"class_list":["post-1418","page","type-page","status-publish","hentry"],"_links":{"self":[{"href":"https:\/\/sfrms-app.fr\/index.php\/wp-json\/wp\/v2\/pages\/1418","targetHints":{"allow":["GET"]}}],"collection":[{"href":"https:\/\/sfrms-app.fr\/index.php\/wp-json\/wp\/v2\/pages"}],"about":[{"href":"https:\/\/sfrms-app.fr\/index.php\/wp-json\/wp\/v2\/types\/page"}],"author":[{"embeddable":true,"href":"https:\/\/sfrms-app.fr\/index.php\/wp-json\/wp\/v2\/users\/1"}],"replies":[{"embeddable":true,"href":"https:\/\/sfrms-app.fr\/index.php\/wp-json\/wp\/v2\/comments?post=1418"}],"version-history":[{"count":1,"href":"https:\/\/sfrms-app.fr\/index.php\/wp-json\/wp\/v2\/pages\/1418\/revisions"}],"predecessor-version":[{"id":1419,"href":"https:\/\/sfrms-app.fr\/index.php\/wp-json\/wp\/v2\/pages\/1418\/revisions\/1419"}],"wp:attachment":[{"href":"https:\/\/sfrms-app.fr\/index.php\/wp-json\/wp\/v2\/media?parent=1418"}],"curies":[{"name":"wp","href":"https:\/\/api.w.org\/{rel}","templated":true}]}}