{"id":2136,"date":"2021-11-30T20:53:36","date_gmt":"2021-11-30T19:53:36","guid":{"rendered":"https:\/\/sfrms-app.fr\/?page_id=2136"},"modified":"2021-11-30T20:53:36","modified_gmt":"2021-11-30T19:53:36","slug":"questionnaire-echelle-de-severite-de-lhypersomnolence-hsi","status":"publish","type":"page","link":"https:\/\/sfrms-app.fr\/index.php\/questionnaire-echelle-de-severite-de-lhypersomnolence-hsi\/","title":{"rendered":"Questionnaire \u00c9chelle de s\u00e9v\u00e9rit\u00e9 de l\u2019hypersomnolence HSI"},"content":{"rendered":"<div id=\"watu_quiz\" class=\"quiz-area single-page-quiz\">\n<form action=\"\" method=\"post\" class=\"quiz-form watu-button-style\" id=\"quiz-9\">\n<div class=\"watu-question\" id=\"question-1\"><div class=\"question-content\"><p><span class=\"watu_num\">1. <\/span>Vous dormez trop longtemps la nuit ?<\/p>\n<\/div><input type=\"hidden\" name=\"question_id[]\" value=\"74\"><div class=\"watu-questions-wrap \"><input type=\"hidden\" name=\"answer_ids[]\" class=\"watu-answer-ids\" value=\"441\"><div class=\"watu-question-choice\"><input type=\"radio\" name=\"answer-74[]\" id=\"answer-id-441\" class=\"answer answer-1  answerof-74\" value=\"441\">&nbsp;<label for=\"answer-id-441\" id=\"answer-label-441\" class=\" answer label-1\"><span class=\"answer\">Pas du tout <\/span><\/label><\/div>\n<input type=\"hidden\" name=\"answer_ids[]\" class=\"watu-answer-ids\" value=\"442\"><div class=\"watu-question-choice\"><input type=\"radio\" name=\"answer-74[]\" id=\"answer-id-442\" class=\"answer answer-1  answerof-74\" value=\"442\">&nbsp;<label for=\"answer-id-442\" id=\"answer-label-442\" class=\" answer label-1\"><span class=\"answer\">Un peu <\/span><\/label><\/div>\n<input type=\"hidden\" name=\"answer_ids[]\" class=\"watu-answer-ids\" value=\"443\"><div class=\"watu-question-choice\"><input type=\"radio\" name=\"answer-74[]\" id=\"answer-id-443\" class=\"answer answer-1  answerof-74\" value=\"443\">&nbsp;<label for=\"answer-id-443\" id=\"answer-label-443\" class=\" answer label-1\"><span class=\"answer\">Moyennement <\/span><\/label><\/div>\n<input type=\"hidden\" name=\"answer_ids[]\" class=\"watu-answer-ids\" value=\"444\"><div class=\"watu-question-choice\"><input type=\"radio\" name=\"answer-74[]\" id=\"answer-id-444\" class=\"answer answer-1  answerof-74\" value=\"444\">&nbsp;<label for=\"answer-id-444\" id=\"answer-label-444\" class=\" answer label-1\"><span class=\"answer\">Beaucoup <\/span><\/label><\/div>\n<input type=\"hidden\" name=\"answer_ids[]\" class=\"watu-answer-ids\" value=\"445\"><div class=\"watu-question-choice\"><input type=\"radio\" name=\"answer-74[]\" id=\"answer-id-445\" class=\"answer answer-1  answerof-74\" value=\"445\">&nbsp;<label for=\"answer-id-445\" id=\"answer-label-445\" class=\" answer label-1\"><span class=\"answer\">Extr&ecirc;mement<\/span><\/label><\/div>\n<\/div><input type=\"hidden\" id=\"questionType1\" value=\"radio\" class=\"required\"><\/div><div class=\"watu-question\" id=\"question-2\"><div class=\"question-content\"><p><span class=\"watu_num\">2. <\/span>Vous avez des difficult&eacute;s &agrave; vous r&eacute;veiller le matin ou apr&egrave;s les siestes ?<\/p>\n<\/div><input type=\"hidden\" name=\"question_id[]\" value=\"75\"><div class=\"watu-questions-wrap \"><input type=\"hidden\" name=\"answer_ids[]\" class=\"watu-answer-ids\" value=\"446\"><div class=\"watu-question-choice\"><input type=\"radio\" name=\"answer-75[]\" id=\"answer-id-446\" class=\"answer answer-2  answerof-75\" value=\"446\">&nbsp;<label for=\"answer-id-446\" id=\"answer-label-446\" class=\" answer label-2\"><span class=\"answer\">Pas du tout <\/span><\/label><\/div>\n<input type=\"hidden\" name=\"answer_ids[]\" class=\"watu-answer-ids\" value=\"447\"><div class=\"watu-question-choice\"><input type=\"radio\" name=\"answer-75[]\" id=\"answer-id-447\" class=\"answer answer-2  answerof-75\" value=\"447\">&nbsp;<label for=\"answer-id-447\" id=\"answer-label-447\" class=\" answer label-2\"><span class=\"answer\">Un peu <\/span><\/label><\/div>\n<input type=\"hidden\" name=\"answer_ids[]\" class=\"watu-answer-ids\" value=\"448\"><div class=\"watu-question-choice\"><input type=\"radio\" name=\"answer-75[]\" id=\"answer-id-448\" class=\"answer answer-2  answerof-75\" value=\"448\">&nbsp;<label for=\"answer-id-448\" id=\"answer-label-448\" class=\" answer label-2\"><span class=\"answer\">Moyennement <\/span><\/label><\/div>\n<input type=\"hidden\" name=\"answer_ids[]\" class=\"watu-answer-ids\" value=\"449\"><div class=\"watu-question-choice\"><input type=\"radio\" name=\"answer-75[]\" id=\"answer-id-449\" class=\"answer answer-2  answerof-75\" value=\"449\">&nbsp;<label for=\"answer-id-449\" id=\"answer-label-449\" class=\" answer label-2\"><span class=\"answer\">Beaucoup <\/span><\/label><\/div>\n<input type=\"hidden\" name=\"answer_ids[]\" class=\"watu-answer-ids\" value=\"450\"><div class=\"watu-question-choice\"><input type=\"radio\" name=\"answer-75[]\" id=\"answer-id-450\" class=\"answer answer-2  answerof-75\" value=\"450\">&nbsp;<label for=\"answer-id-450\" id=\"answer-label-450\" class=\" answer label-2\"><span class=\"answer\">Extr&ecirc;mement<\/span><\/label><\/div>\n<\/div><input type=\"hidden\" id=\"questionType2\" value=\"radio\" class=\"required\"><\/div><div class=\"watu-question\" id=\"question-3\"><div class=\"question-content\"><p><span class=\"watu_num\">3. <\/span>Vous dormez au cours de la journ&eacute;e ?<\/p>\n<\/div><input type=\"hidden\" name=\"question_id[]\" value=\"76\"><div class=\"watu-questions-wrap \"><input type=\"hidden\" name=\"answer_ids[]\" class=\"watu-answer-ids\" value=\"451\"><div class=\"watu-question-choice\"><input type=\"radio\" name=\"answer-76[]\" id=\"answer-id-451\" class=\"answer answer-3  answerof-76\" value=\"451\">&nbsp;<label for=\"answer-id-451\" id=\"answer-label-451\" class=\" answer label-3\"><span class=\"answer\">Pas du tout <\/span><\/label><\/div>\n<input type=\"hidden\" name=\"answer_ids[]\" class=\"watu-answer-ids\" value=\"452\"><div class=\"watu-question-choice\"><input type=\"radio\" name=\"answer-76[]\" id=\"answer-id-452\" class=\"answer answer-3  answerof-76\" value=\"452\">&nbsp;<label for=\"answer-id-452\" id=\"answer-label-452\" class=\" answer label-3\"><span class=\"answer\">Un peu <\/span><\/label><\/div>\n<input type=\"hidden\" name=\"answer_ids[]\" class=\"watu-answer-ids\" value=\"453\"><div class=\"watu-question-choice\"><input type=\"radio\" name=\"answer-76[]\" id=\"answer-id-453\" class=\"answer answer-3  answerof-76\" value=\"453\">&nbsp;<label for=\"answer-id-453\" id=\"answer-label-453\" class=\" answer label-3\"><span class=\"answer\">Moyennement <\/span><\/label><\/div>\n<input type=\"hidden\" name=\"answer_ids[]\" class=\"watu-answer-ids\" value=\"454\"><div class=\"watu-question-choice\"><input type=\"radio\" name=\"answer-76[]\" id=\"answer-id-454\" class=\"answer answer-3  answerof-76\" value=\"454\">&nbsp;<label for=\"answer-id-454\" id=\"answer-label-454\" class=\" answer label-3\"><span class=\"answer\">Beaucoup <\/span><\/label><\/div>\n<input type=\"hidden\" name=\"answer_ids[]\" class=\"watu-answer-ids\" value=\"455\"><div class=\"watu-question-choice\"><input type=\"radio\" name=\"answer-76[]\" id=\"answer-id-455\" class=\"answer answer-3  answerof-76\" value=\"455\">&nbsp;<label for=\"answer-id-455\" id=\"answer-label-455\" class=\" answer label-3\"><span class=\"answer\">Extr&ecirc;mement<\/span><\/label><\/div>\n<\/div><input type=\"hidden\" id=\"questionType3\" value=\"radio\" class=\"required\"><\/div><div class=\"watu-question\" id=\"question-4\"><div class=\"question-content\"><p><span class=\"watu_num\">4. <\/span>Vous vous sentez somnolent au cours de la journ&eacute;e ?<\/p>\n<\/div><input type=\"hidden\" name=\"question_id[]\" value=\"77\"><div class=\"watu-questions-wrap \"><input type=\"hidden\" name=\"answer_ids[]\" class=\"watu-answer-ids\" value=\"456\"><div class=\"watu-question-choice\"><input type=\"radio\" name=\"answer-77[]\" id=\"answer-id-456\" class=\"answer answer-4  answerof-77\" value=\"456\">&nbsp;<label for=\"answer-id-456\" id=\"answer-label-456\" class=\" answer label-4\"><span class=\"answer\">Pas du tout <\/span><\/label><\/div>\n<input type=\"hidden\" name=\"answer_ids[]\" class=\"watu-answer-ids\" value=\"457\"><div class=\"watu-question-choice\"><input type=\"radio\" name=\"answer-77[]\" id=\"answer-id-457\" class=\"answer answer-4  answerof-77\" value=\"457\">&nbsp;<label for=\"answer-id-457\" id=\"answer-label-457\" class=\" answer label-4\"><span class=\"answer\">Un peu <\/span><\/label><\/div>\n<input type=\"hidden\" name=\"answer_ids[]\" class=\"watu-answer-ids\" value=\"458\"><div class=\"watu-question-choice\"><input type=\"radio\" name=\"answer-77[]\" id=\"answer-id-458\" class=\"answer answer-4  answerof-77\" value=\"458\">&nbsp;<label for=\"answer-id-458\" id=\"answer-label-458\" class=\" answer label-4\"><span class=\"answer\">Moyennement <\/span><\/label><\/div>\n<input type=\"hidden\" name=\"answer_ids[]\" class=\"watu-answer-ids\" value=\"459\"><div class=\"watu-question-choice\"><input type=\"radio\" name=\"answer-77[]\" id=\"answer-id-459\" class=\"answer answer-4  answerof-77\" value=\"459\">&nbsp;<label for=\"answer-id-459\" id=\"answer-label-459\" class=\" answer label-4\"><span class=\"answer\">Beaucoup <\/span><\/label><\/div>\n<input type=\"hidden\" name=\"answer_ids[]\" class=\"watu-answer-ids\" value=\"460\"><div class=\"watu-question-choice\"><input type=\"radio\" name=\"answer-77[]\" id=\"answer-id-460\" class=\"answer answer-4  answerof-77\" value=\"460\">&nbsp;<label for=\"answer-id-460\" id=\"answer-label-460\" class=\" answer label-4\"><span class=\"answer\">Extr&ecirc;mement<\/span><\/label><\/div>\n<\/div><input type=\"hidden\" id=\"questionType4\" value=\"radio\" class=\"required\"><\/div><div class=\"watu-question\" id=\"question-5\"><div class=\"question-content\"><p><span class=\"watu_num\">5. <\/span>Jusqu&rsquo;&agrave; quel point consid&eacute;rez-vous que vos difficult&eacute;s de <a href=\"https:\/\/sfrms-app.fr\/index.php\/glossary\/sommeil\/\" title=\"Glossary: Sommeil\"  class=\"glossaryLink\">sommeil<\/a> PERTURBENT votre fonctionnement quotidien (ex. : <a href=\"https:\/\/sfrms-app.fr\/index.php\/glossary\/fatigue\/\" title=\"Glossary: Fatigue\"  class=\"glossaryLink\">fatigue<\/a> durant le jour, capacit&eacute; &agrave; travailler\/&agrave; effectuer les t&acirc;ches quotidiennes &agrave; la maison, concentration, m&eacute;moire et\/ou <a href=\"https:\/\/sfrms-app.fr\/index.php\/glossary\/humeur\/\" title=\"Glossary: Humeur\"  class=\"glossaryLink\">humeur<\/a>) ?<\/p>\n<\/div><input type=\"hidden\" name=\"question_id[]\" value=\"78\"><div class=\"watu-questions-wrap \"><input type=\"hidden\" name=\"answer_ids[]\" class=\"watu-answer-ids\" value=\"461\"><div class=\"watu-question-choice\"><input type=\"radio\" name=\"answer-78[]\" id=\"answer-id-461\" class=\"answer answer-5  answerof-78\" value=\"461\">&nbsp;<label for=\"answer-id-461\" id=\"answer-label-461\" class=\" answer label-5\"><span class=\"answer\">Aucunement <\/span><\/label><\/div>\n<input type=\"hidden\" name=\"answer_ids[]\" class=\"watu-answer-ids\" value=\"462\"><div class=\"watu-question-choice\"><input type=\"radio\" name=\"answer-78[]\" id=\"answer-id-462\" class=\"answer answer-5  answerof-78\" value=\"462\">&nbsp;<label for=\"answer-id-462\" id=\"answer-label-462\" class=\" answer label-5\"><span class=\"answer\">L&eacute;g&egrave;rement <\/span><\/label><\/div>\n<input type=\"hidden\" name=\"answer_ids[]\" class=\"watu-answer-ids\" value=\"463\"><div class=\"watu-question-choice\"><input type=\"radio\" name=\"answer-78[]\" id=\"answer-id-463\" class=\"answer answer-5  answerof-78\" value=\"463\">&nbsp;<label for=\"answer-id-463\" id=\"answer-label-463\" class=\" answer label-5\"><span class=\"answer\">Moyennement <\/span><\/label><\/div>\n<input type=\"hidden\" name=\"answer_ids[]\" class=\"watu-answer-ids\" value=\"464\"><div class=\"watu-question-choice\"><input type=\"radio\" name=\"answer-78[]\" id=\"answer-id-464\" class=\"answer answer-5  answerof-78\" value=\"464\">&nbsp;<label for=\"answer-id-464\" id=\"answer-label-464\" class=\" answer label-5\"><span class=\"answer\">Beaucoup <\/span><\/label><\/div>\n<input type=\"hidden\" name=\"answer_ids[]\" class=\"watu-answer-ids\" value=\"465\"><div class=\"watu-question-choice\"><input type=\"radio\" name=\"answer-78[]\" id=\"answer-id-465\" class=\"answer answer-5  answerof-78\" value=\"465\">&nbsp;<label for=\"answer-id-465\" id=\"answer-label-465\" class=\" answer label-5\"><span class=\"answer\">&Eacute;norm&eacute;ment<\/span><\/label><\/div>\n<\/div><input type=\"hidden\" id=\"questionType5\" value=\"radio\" class=\"required\"><\/div><div class=\"watu-question\" id=\"question-6\"><div class=\"question-content\"><p><span class=\"watu_num\">6. <\/span>&Agrave; quel point consid&eacute;rez-vous que vos difficult&eacute;s de sommeil sont APPARENTES pour les autres en termes de d&eacute;t&eacute;rioration de la qualit&eacute; de votre vie ?<\/p>\n<\/div><input type=\"hidden\" name=\"question_id[]\" value=\"79\"><div class=\"watu-questions-wrap \"><input type=\"hidden\" name=\"answer_ids[]\" class=\"watu-answer-ids\" value=\"466\"><div class=\"watu-question-choice\"><input type=\"radio\" name=\"answer-79[]\" id=\"answer-id-466\" class=\"answer answer-6  answerof-79\" value=\"466\">&nbsp;<label for=\"answer-id-466\" id=\"answer-label-466\" class=\" answer label-6\"><span class=\"answer\">Aucunement<\/span><\/label><\/div>\n<input type=\"hidden\" name=\"answer_ids[]\" class=\"watu-answer-ids\" value=\"467\"><div class=\"watu-question-choice\"><input type=\"radio\" name=\"answer-79[]\" id=\"answer-id-467\" class=\"answer answer-6  answerof-79\" value=\"467\">&nbsp;<label for=\"answer-id-467\" id=\"answer-label-467\" class=\" answer label-6\"><span class=\"answer\">L&eacute;g&egrave;rement <\/span><\/label><\/div>\n<input type=\"hidden\" name=\"answer_ids[]\" class=\"watu-answer-ids\" value=\"468\"><div class=\"watu-question-choice\"><input type=\"radio\" name=\"answer-79[]\" id=\"answer-id-468\" class=\"answer answer-6  answerof-79\" value=\"468\">&nbsp;<label for=\"answer-id-468\" id=\"answer-label-468\" class=\" answer label-6\"><span class=\"answer\">Moyennement <\/span><\/label><\/div>\n<input type=\"hidden\" name=\"answer_ids[]\" class=\"watu-answer-ids\" value=\"469\"><div class=\"watu-question-choice\"><input type=\"radio\" name=\"answer-79[]\" id=\"answer-id-469\" class=\"answer answer-6  answerof-79\" value=\"469\">&nbsp;<label for=\"answer-id-469\" id=\"answer-label-469\" class=\" answer label-6\"><span class=\"answer\">Tr&egrave;s <\/span><\/label><\/div>\n<input type=\"hidden\" name=\"answer_ids[]\" class=\"watu-answer-ids\" value=\"470\"><div class=\"watu-question-choice\"><input type=\"radio\" name=\"answer-79[]\" id=\"answer-id-470\" class=\"answer answer-6  answerof-79\" value=\"470\">&nbsp;<label for=\"answer-id-470\" id=\"answer-label-470\" class=\" answer label-6\"><span class=\"answer\">Extr&ecirc;mement<\/span><\/label><\/div>\n<\/div><input type=\"hidden\" id=\"questionType6\" value=\"radio\" class=\"required\"><\/div><div class=\"watu-question\" id=\"question-7\"><div class=\"question-content\"><p><span class=\"watu_num\">7. <\/span>&Agrave; quel point &ecirc;tes-vous INQUIET(&Egrave;TE)\/pr&eacute;occup&eacute;(e) &agrave; propos de vos difficult&eacute;s actuelles de sommeil ?<\/p>\n<\/div><input type=\"hidden\" name=\"question_id[]\" value=\"80\"><div class=\"watu-questions-wrap \"><input type=\"hidden\" name=\"answer_ids[]\" class=\"watu-answer-ids\" value=\"471\"><div class=\"watu-question-choice\"><input type=\"radio\" name=\"answer-80[]\" id=\"answer-id-471\" class=\"answer answer-7  answerof-80\" value=\"471\">&nbsp;<label for=\"answer-id-471\" id=\"answer-label-471\" class=\" answer label-7\"><span class=\"answer\">Aucunement <\/span><\/label><\/div>\n<input type=\"hidden\" name=\"answer_ids[]\" class=\"watu-answer-ids\" value=\"472\"><div class=\"watu-question-choice\"><input type=\"radio\" name=\"answer-80[]\" id=\"answer-id-472\" class=\"answer answer-7  answerof-80\" value=\"472\">&nbsp;<label for=\"answer-id-472\" id=\"answer-label-472\" class=\" answer label-7\"><span class=\"answer\">L&eacute;g&egrave;rement <\/span><\/label><\/div>\n<input type=\"hidden\" name=\"answer_ids[]\" class=\"watu-answer-ids\" value=\"473\"><div class=\"watu-question-choice\"><input type=\"radio\" name=\"answer-80[]\" id=\"answer-id-473\" class=\"answer answer-7  answerof-80\" value=\"473\">&nbsp;<label for=\"answer-id-473\" id=\"answer-label-473\" class=\" answer label-7\"><span class=\"answer\">Moyennement <\/span><\/label><\/div>\n<input type=\"hidden\" name=\"answer_ids[]\" class=\"watu-answer-ids\" value=\"474\"><div class=\"watu-question-choice\"><input type=\"radio\" name=\"answer-80[]\" id=\"answer-id-474\" class=\"answer answer-7  answerof-80\" value=\"474\">&nbsp;<label for=\"answer-id-474\" id=\"answer-label-474\" class=\" answer label-7\"><span class=\"answer\">Tr&egrave;s <\/span><\/label><\/div>\n<input type=\"hidden\" name=\"answer_ids[]\" class=\"watu-answer-ids\" value=\"475\"><div class=\"watu-question-choice\"><input type=\"radio\" name=\"answer-80[]\" id=\"answer-id-475\" class=\"answer answer-7  answerof-80\" value=\"475\">&nbsp;<label for=\"answer-id-475\" id=\"answer-label-475\" class=\" answer label-7\"><span class=\"answer\">Extr&ecirc;mement<\/span><\/label><\/div>\n<\/div><input type=\"hidden\" id=\"questionType7\" value=\"radio\" class=\"\"><\/div><div class=\"watu-question\" id=\"question-8\"><div class=\"question-content\"><p><span class=\"watu_num\">8. <\/span>Avez-vous d&eacute;j&agrave; eu des &laquo; attaques de sommeil &raquo;, d&eacute;finies comme des <a href=\"https:\/\/sfrms-app.fr\/index.php\/glossary\/term-test-2\/\" title=\"Glossary: Acc&egrave;s de sommeil\" class=\"glossaryLink\">acc&egrave;s de sommeil<\/a> involontaires dans des situations inappropri&eacute;es ?<\/p>\n<\/div><input type=\"hidden\" name=\"question_id[]\" value=\"81\"><div class=\"watu-questions-wrap \"><input type=\"hidden\" name=\"answer_ids[]\" class=\"watu-answer-ids\" value=\"481\"><div class=\"watu-question-choice\"><input type=\"radio\" name=\"answer-81[]\" id=\"answer-id-481\" class=\"answer answer-8  answerof-81\" value=\"481\">&nbsp;<label for=\"answer-id-481\" id=\"answer-label-481\" class=\" answer label-8\"><span class=\"answer\">Pas du tout <\/span><\/label><\/div>\n<input type=\"hidden\" name=\"answer_ids[]\" class=\"watu-answer-ids\" value=\"482\"><div class=\"watu-question-choice\"><input type=\"radio\" name=\"answer-81[]\" id=\"answer-id-482\" class=\"answer answer-8  answerof-81\" value=\"482\">&nbsp;<label for=\"answer-id-482\" id=\"answer-label-482\" class=\" answer label-8\"><span class=\"answer\">L&eacute;g&egrave;rement <\/span><\/label><\/div>\n<input type=\"hidden\" name=\"answer_ids[]\" class=\"watu-answer-ids\" value=\"483\"><div class=\"watu-question-choice\"><input type=\"radio\" name=\"answer-81[]\" id=\"answer-id-483\" class=\"answer answer-8  answerof-81\" value=\"483\">&nbsp;<label for=\"answer-id-483\" id=\"answer-label-483\" class=\" answer label-8\"><span class=\"answer\">Parfois <\/span><\/label><\/div>\n<input type=\"hidden\" name=\"answer_ids[]\" class=\"watu-answer-ids\" value=\"484\"><div class=\"watu-question-choice\"><input type=\"radio\" name=\"answer-81[]\" id=\"answer-id-484\" class=\"answer answer-8  answerof-81\" value=\"484\">&nbsp;<label for=\"answer-id-484\" id=\"answer-label-484\" class=\" answer label-8\"><span class=\"answer\">Tr&egrave;s <\/span><\/label><\/div>\n<input type=\"hidden\" name=\"answer_ids[]\" class=\"watu-answer-ids\" value=\"485\"><div class=\"watu-question-choice\"><input type=\"radio\" name=\"answer-81[]\" id=\"answer-id-485\" class=\"answer answer-8  answerof-81\" value=\"485\">&nbsp;<label for=\"answer-id-485\" id=\"answer-label-485\" class=\" answer label-8\"><span class=\"answer\">Tout le temps<\/span><\/label><\/div>\n<\/div><input type=\"hidden\" id=\"questionType8\" value=\"radio\" class=\"required\"><\/div><div class=\"watu-question\" id=\"question-9\"><div class=\"question-content\"><p><span class=\"watu_num\">9. <\/span>&Agrave; quel point &ecirc;tes-vous SATISFAIT(E)\/insatisfait(e) de votre sommeil actuel ?<\/p>\n<\/div><input type=\"hidden\" name=\"question_id[]\" value=\"82\"><div class=\"watu-questions-wrap \"><input type=\"hidden\" name=\"answer_ids[]\" class=\"watu-answer-ids\" value=\"486\"><div class=\"watu-question-choice\"><input type=\"radio\" name=\"answer-82[]\" id=\"answer-id-486\" class=\"answer answer-9  answerof-82\" value=\"486\">&nbsp;<label for=\"answer-id-486\" id=\"answer-label-486\" class=\" answer label-9\"><span class=\"answer\">Tr&egrave;s satisfait(e) <\/span><\/label><\/div>\n<input type=\"hidden\" name=\"answer_ids[]\" class=\"watu-answer-ids\" value=\"487\"><div class=\"watu-question-choice\"><input type=\"radio\" name=\"answer-82[]\" id=\"answer-id-487\" class=\"answer answer-9  answerof-82\" value=\"487\">&nbsp;<label for=\"answer-id-487\" id=\"answer-label-487\" class=\" answer label-9\"><span class=\"answer\">satisfait(e) <\/span><\/label><\/div>\n<input type=\"hidden\" name=\"answer_ids[]\" class=\"watu-answer-ids\" value=\"488\"><div class=\"watu-question-choice\"><input type=\"radio\" name=\"answer-82[]\" id=\"answer-id-488\" class=\"answer answer-9  answerof-82\" value=\"488\">&nbsp;<label for=\"answer-id-488\" id=\"answer-label-488\" class=\" answer label-9\"><span class=\"answer\">Ni satisfait(e) ni insatisfait(e) <\/span><\/label><\/div>\n<input type=\"hidden\" name=\"answer_ids[]\" class=\"watu-answer-ids\" value=\"489\"><div class=\"watu-question-choice\"><input type=\"radio\" name=\"answer-82[]\" id=\"answer-id-489\" class=\"answer answer-9  answerof-82\" value=\"489\">&nbsp;<label for=\"answer-id-489\" id=\"answer-label-489\" class=\" answer label-9\"><span class=\"answer\">insatisfait(e)<\/span><\/label><\/div>\n<input type=\"hidden\" name=\"answer_ids[]\" class=\"watu-answer-ids\" value=\"490\"><div class=\"watu-question-choice\"><input type=\"radio\" name=\"answer-82[]\" id=\"answer-id-490\" class=\"answer answer-9  answerof-82\" value=\"490\">&nbsp;<label for=\"answer-id-490\" id=\"answer-label-490\" class=\" answer label-9\"><span class=\"answer\">Tr&egrave;s insatisfait(e)<\/span><\/label><\/div>\n<\/div><input type=\"hidden\" id=\"questionType9\" value=\"radio\" class=\"required\"><\/div><div style=\"display:none\" id=\"question-10\"><br><div class=\"question-content\"><img loading=\"lazy\" decoding=\"async\" src=\"https:\/\/sfrms-app.fr\/wp-content\/plugins\/watu\/loading.gif\" width=\"16\" height=\"16\" alt=\"Chargement ...\" title=\"Chargement ...\"\/>&nbsp;Chargement &hellip;<\/div><\/div><br>\n<input type=\"button\" name=\"action\" onclick=\"Watu.submitResult()\" id=\"action-button\" value=\"R&eacute;sultats\" class=\"watu-submit-button\">\n<input type=\"hidden\" name=\"no_ajax\" value=\"0\"><input type=\"hidden\" name=\"quiz_id\" value=\"9\">\n<input type=\"hidden\" id=\"watuStartTime\" name=\"start_time\" value=\"2026-05-14 00:34:17\">\n<\/form>\n<\/div>\n<div id=\"watu-loading-result\" style=\"display:none;\">\n\t<p align=\"center\"><img loading=\"lazy\" decoding=\"async\" src=\"https:\/\/sfrms-app.fr\/wp-content\/plugins\/watu\/loading.gif\" width=\"16\" height=\"16\" alt=\"Chargement\" title=\"Chargement\"\/><\/p>\n<\/div>\t\n<script type=\"text\/javascript\">\nvar exam_id=0;\nvar question_ids='';\nvar watuURL='';\njQuery(function($){\nquestion_ids = \"74,75,76,77,78,79,80,81,82\";\nexam_id = 9;\nWatu.exam_id = exam_id;\nWatu.qArr = question_ids.split(',');\nWatu.post_id = 2136;\nWatu.singlePage = '1';\nWatu.hAppID = \"0.61599000 1778711657\";\nwatuURL = \"https:\/\/sfrms-app.fr\/wp-admin\/admin-ajax.php\";\nWatu.noAlertUnanswered = 0;\n});\n<\/script>\n","protected":false},"excerpt":{"rendered":"","protected":false},"author":1,"featured_media":0,"parent":0,"menu_order":0,"comment_status":"closed","ping_status":"closed","template":"","meta":{"footnotes":""},"class_list":["post-2136","page","type-page","status-publish","hentry"],"_links":{"self":[{"href":"https:\/\/sfrms-app.fr\/index.php\/wp-json\/wp\/v2\/pages\/2136","targetHints":{"allow":["GET"]}}],"collection":[{"href":"https:\/\/sfrms-app.fr\/index.php\/wp-json\/wp\/v2\/pages"}],"about":[{"href":"https:\/\/sfrms-app.fr\/index.php\/wp-json\/wp\/v2\/types\/page"}],"author":[{"embeddable":true,"href":"https:\/\/sfrms-app.fr\/index.php\/wp-json\/wp\/v2\/users\/1"}],"replies":[{"embeddable":true,"href":"https:\/\/sfrms-app.fr\/index.php\/wp-json\/wp\/v2\/comments?post=2136"}],"version-history":[{"count":1,"href":"https:\/\/sfrms-app.fr\/index.php\/wp-json\/wp\/v2\/pages\/2136\/revisions"}],"predecessor-version":[{"id":2137,"href":"https:\/\/sfrms-app.fr\/index.php\/wp-json\/wp\/v2\/pages\/2136\/revisions\/2137"}],"wp:attachment":[{"href":"https:\/\/sfrms-app.fr\/index.php\/wp-json\/wp\/v2\/media?parent=2136"}],"curies":[{"name":"wp","href":"https:\/\/api.w.org\/{rel}","templated":true}]}}