{"id":2955,"date":"2021-12-20T20:40:53","date_gmt":"2021-12-20T19:40:53","guid":{"rendered":"https:\/\/sfrms-app.fr\/?page_id=2955"},"modified":"2021-12-20T20:40:53","modified_gmt":"2021-12-20T19:40:53","slug":"questionnaire-echelle-de-vesperalite-et-de-matinalite-de-horne-et-horsberg","status":"publish","type":"page","link":"https:\/\/sfrms-app.fr\/index.php\/questionnaire-echelle-de-vesperalite-et-de-matinalite-de-horne-et-horsberg\/","title":{"rendered":"Questionnaire \u00c9chelle de vesp\u00e9ralit\u00e9 et de matinalit\u00e9 de Horne et Horsberg"},"content":{"rendered":"<div id=\"watu_quiz\" class=\"quiz-area single-page-quiz\">\n<p><\/p><p>Instructions pour l&rsquo;&eacute;chelle de Horne &amp; Ostberg version courte (MEQ)<\/p>\n<p>S&rsquo;il vous pla&icirc;t, lisez attentivement chaque question avant d&rsquo;y r&eacute;pondre.<br>\nR&eacute;pondez &agrave; toutes les questions.<br>\nR&eacute;pondez aux questions dans l&rsquo;ordre.<br>\nVous pouvez r&eacute;pondre aux questions les unes ind&eacute;pendamment des autres. Ne revenez pas en arri&egrave;re pour v&eacute;rifier votre r&eacute;ponse.<br>\nPour les questions &agrave; choix multiples, mettre une croix devant une seule r&eacute;ponse. Pour les &eacute;chelles, placer une croix au point appropri&eacute;.<br>\nS&rsquo;il vous pla&icirc;t, r&eacute;pondez &agrave; chaque question aussi sinc&egrave;rement que possible.<\/p>\n<form action=\"\" method=\"post\" class=\"quiz-form watu-button-style\" id=\"quiz-14\">\n<div class=\"watu-question\" id=\"question-1\"><div class=\"question-content\"><p><span class=\"watu_num\">1. <\/span>Si vous viviez &agrave; votre rythme (celui qui vous pla&icirc;t le plus), &agrave; quelle heure vous l&egrave;veriez-vous &eacute;tant enti&egrave;rement libre d&rsquo;organiser votre journ&eacute;e&#8239;?<br>\nA : 07h45 &ndash; 09h45<br>\nB : 06h30 &ndash; 07h45<br>\nC : 07h45 &ndash; 09h45<br>\nD : 09h45 &ndash; 11h00<br>\nE : 11h00 &ndash; 12h00<\/p>\n<\/div><input type=\"hidden\" name=\"question_id[]\" value=\"132\"><div class=\"watu-questions-wrap \"><input type=\"hidden\" name=\"answer_ids[]\" class=\"watu-answer-ids\" value=\"1721\"><div class=\"watu-question-choice\"><input type=\"radio\" name=\"answer-132[]\" id=\"answer-id-1721\" class=\"answer answer-1  answerof-132\" value=\"1721\">&nbsp;<label for=\"answer-id-1721\" id=\"answer-label-1721\" class=\" answer label-1\"><span class=\"answer\">A<\/span><\/label><\/div>\n<input type=\"hidden\" name=\"answer_ids[]\" class=\"watu-answer-ids\" value=\"1722\"><div class=\"watu-question-choice\"><input type=\"radio\" name=\"answer-132[]\" id=\"answer-id-1722\" class=\"answer answer-1  answerof-132\" value=\"1722\">&nbsp;<label for=\"answer-id-1722\" id=\"answer-label-1722\" class=\" answer label-1\"><span class=\"answer\">B<br>\n<\/span><\/label><\/div>\n<input type=\"hidden\" name=\"answer_ids[]\" class=\"watu-answer-ids\" value=\"1723\"><div class=\"watu-question-choice\"><input type=\"radio\" name=\"answer-132[]\" id=\"answer-id-1723\" class=\"answer answer-1  answerof-132\" value=\"1723\">&nbsp;<label for=\"answer-id-1723\" id=\"answer-label-1723\" class=\" answer label-1\"><span class=\"answer\">C<\/span><\/label><\/div>\n<input type=\"hidden\" name=\"answer_ids[]\" class=\"watu-answer-ids\" value=\"1724\"><div class=\"watu-question-choice\"><input type=\"radio\" name=\"answer-132[]\" id=\"answer-id-1724\" class=\"answer answer-1  answerof-132\" value=\"1724\">&nbsp;<label for=\"answer-id-1724\" id=\"answer-label-1724\" class=\" answer label-1\"><span class=\"answer\">D<\/span><\/label><\/div>\n<input type=\"hidden\" name=\"answer_ids[]\" class=\"watu-answer-ids\" value=\"1725\"><div class=\"watu-question-choice\"><input type=\"radio\" name=\"answer-132[]\" id=\"answer-id-1725\" class=\"answer answer-1  answerof-132\" value=\"1725\">&nbsp;<label for=\"answer-id-1725\" id=\"answer-label-1725\" class=\" answer label-1\"><span class=\"answer\">E<\/span><\/label><\/div>\n<\/div><input type=\"hidden\" id=\"questionType1\" value=\"radio\" class=\"required\"><\/div><div class=\"watu-question\" id=\"question-2\"><div class=\"question-content\"><p><span class=\"watu_num\">2. <\/span>Comment vous sentez-vous durant la demi-heure qui suit votre r&eacute;veil ?<\/p>\n<\/div><input type=\"hidden\" name=\"question_id[]\" value=\"133\"><div class=\"watu-questions-wrap \"><input type=\"hidden\" name=\"answer_ids[]\" class=\"watu-answer-ids\" value=\"725\"><div class=\"watu-question-choice\"><input type=\"radio\" name=\"answer-133[]\" id=\"answer-id-725\" class=\"answer answer-2  answerof-133\" value=\"725\">&nbsp;<label for=\"answer-id-725\" id=\"answer-label-725\" class=\" answer label-2\"><span class=\"answer\">Tr&egrave;s fatigu&eacute;<br>\n<\/span><\/label><\/div>\n<input type=\"hidden\" name=\"answer_ids[]\" class=\"watu-answer-ids\" value=\"726\"><div class=\"watu-question-choice\"><input type=\"radio\" name=\"answer-133[]\" id=\"answer-id-726\" class=\"answer answer-2  answerof-133\" value=\"726\">&nbsp;<label for=\"answer-id-726\" id=\"answer-label-726\" class=\" answer label-2\"><span class=\"answer\">Relativement fatigu&eacute;<br>\n<\/span><\/label><\/div>\n<input type=\"hidden\" name=\"answer_ids[]\" class=\"watu-answer-ids\" value=\"727\"><div class=\"watu-question-choice\"><input type=\"radio\" name=\"answer-133[]\" id=\"answer-id-727\" class=\"answer answer-2  answerof-133\" value=\"727\">&nbsp;<label for=\"answer-id-727\" id=\"answer-label-727\" class=\" answer label-2\"><span class=\"answer\">Relativement en forme<br>\n<\/span><\/label><\/div>\n<input type=\"hidden\" name=\"answer_ids[]\" class=\"watu-answer-ids\" value=\"728\"><div class=\"watu-question-choice\"><input type=\"radio\" name=\"answer-133[]\" id=\"answer-id-728\" class=\"answer answer-2  answerof-133\" value=\"728\">&nbsp;<label for=\"answer-id-728\" id=\"answer-label-728\" class=\" answer label-2\"><span class=\"answer\">Tr&egrave;s en forme<\/span><\/label><\/div>\n<\/div><input type=\"hidden\" id=\"questionType2\" value=\"radio\" class=\"required\"><\/div><div class=\"watu-question\" id=\"question-3\"><div class=\"question-content\"><p><span class=\"watu_num\">3. <\/span>&Agrave; quel moment de la soir&eacute;e vous sentez-vous vraiment fatigu&eacute;, au point de vous endormir ?<br>\nA : 20h00 &ndash; 21h00<br>\nB : 21h00 &ndash; 22h15<br>\nC : 22h15 &ndash; 00h45<br>\nD : 00h45 &ndash; 02h00<br>\nE : 02h00 &ndash; 03h00<\/p>\n<\/div><input type=\"hidden\" name=\"question_id[]\" value=\"134\"><div class=\"watu-questions-wrap \"><input type=\"hidden\" name=\"answer_ids[]\" class=\"watu-answer-ids\" value=\"1726\"><div class=\"watu-question-choice\"><input type=\"radio\" name=\"answer-134[]\" id=\"answer-id-1726\" class=\"answer answer-3  answerof-134\" value=\"1726\">&nbsp;<label for=\"answer-id-1726\" id=\"answer-label-1726\" class=\" answer label-3\"><span class=\"answer\">A<\/span><\/label><\/div>\n<input type=\"hidden\" name=\"answer_ids[]\" class=\"watu-answer-ids\" value=\"1727\"><div class=\"watu-question-choice\"><input type=\"radio\" name=\"answer-134[]\" id=\"answer-id-1727\" class=\"answer answer-3  answerof-134\" value=\"1727\">&nbsp;<label for=\"answer-id-1727\" id=\"answer-label-1727\" class=\" answer label-3\"><span class=\"answer\">B<br>\n<\/span><\/label><\/div>\n<input type=\"hidden\" name=\"answer_ids[]\" class=\"watu-answer-ids\" value=\"1728\"><div class=\"watu-question-choice\"><input type=\"radio\" name=\"answer-134[]\" id=\"answer-id-1728\" class=\"answer answer-3  answerof-134\" value=\"1728\">&nbsp;<label for=\"answer-id-1728\" id=\"answer-label-1728\" class=\" answer label-3\"><span class=\"answer\">C<br>\n<\/span><\/label><\/div>\n<input type=\"hidden\" name=\"answer_ids[]\" class=\"watu-answer-ids\" value=\"1729\"><div class=\"watu-question-choice\"><input type=\"radio\" name=\"answer-134[]\" id=\"answer-id-1729\" class=\"answer answer-3  answerof-134\" value=\"1729\">&nbsp;<label for=\"answer-id-1729\" id=\"answer-label-1729\" class=\" answer label-3\"><span class=\"answer\">D<br>\n<\/span><\/label><\/div>\n<input type=\"hidden\" name=\"answer_ids[]\" class=\"watu-answer-ids\" value=\"1730\"><div class=\"watu-question-choice\"><input type=\"radio\" name=\"answer-134[]\" id=\"answer-id-1730\" class=\"answer answer-3  answerof-134\" value=\"1730\">&nbsp;<label for=\"answer-id-1730\" id=\"answer-label-1730\" class=\" answer label-3\"><span class=\"answer\">E<\/span><\/label><\/div>\n<\/div><input type=\"hidden\" id=\"questionType3\" value=\"radio\" class=\"required\"><\/div><div class=\"watu-question\" id=\"question-4\"><div class=\"question-content\"><p><span class=\"watu_num\">4. <\/span>&Agrave; quelle heure de la journ&eacute;e vous sentez-vous dans votre meilleure forme&#8239;?<br>\nA : 05h00 &ndash; 07h00<br>\nB : 08h00 &ndash; 9h00<br>\nC : 10h00 &ndash; 16h00<br>\nD : 17h00 &ndash; 21h00<br>\nE : 21h00 &ndash; 04h00<\/p>\n<\/div><input type=\"hidden\" name=\"question_id[]\" value=\"135\"><div class=\"watu-questions-wrap \"><input type=\"hidden\" name=\"answer_ids[]\" class=\"watu-answer-ids\" value=\"1731\"><div class=\"watu-question-choice\"><input type=\"radio\" name=\"answer-135[]\" id=\"answer-id-1731\" class=\"answer answer-4  answerof-135\" value=\"1731\">&nbsp;<label for=\"answer-id-1731\" id=\"answer-label-1731\" class=\" answer label-4\"><span class=\"answer\">A<br>\n<\/span><\/label><\/div>\n<input type=\"hidden\" name=\"answer_ids[]\" class=\"watu-answer-ids\" value=\"1732\"><div class=\"watu-question-choice\"><input type=\"radio\" name=\"answer-135[]\" id=\"answer-id-1732\" class=\"answer answer-4  answerof-135\" value=\"1732\">&nbsp;<label for=\"answer-id-1732\" id=\"answer-label-1732\" class=\" answer label-4\"><span class=\"answer\">B<br>\n<\/span><\/label><\/div>\n<input type=\"hidden\" name=\"answer_ids[]\" class=\"watu-answer-ids\" value=\"1733\"><div class=\"watu-question-choice\"><input type=\"radio\" name=\"answer-135[]\" id=\"answer-id-1733\" class=\"answer answer-4  answerof-135\" value=\"1733\">&nbsp;<label for=\"answer-id-1733\" id=\"answer-label-1733\" class=\" answer label-4\"><span class=\"answer\">C<\/span><\/label><\/div>\n<input type=\"hidden\" name=\"answer_ids[]\" class=\"watu-answer-ids\" value=\"1734\"><div class=\"watu-question-choice\"><input type=\"radio\" name=\"answer-135[]\" id=\"answer-id-1734\" class=\"answer answer-4  answerof-135\" value=\"1734\">&nbsp;<label for=\"answer-id-1734\" id=\"answer-label-1734\" class=\" answer label-4\"><span class=\"answer\">D<\/span><\/label><\/div>\n<input type=\"hidden\" name=\"answer_ids[]\" class=\"watu-answer-ids\" value=\"1735\"><div class=\"watu-question-choice\"><input type=\"radio\" name=\"answer-135[]\" id=\"answer-id-1735\" class=\"answer answer-4  answerof-135\" value=\"1735\">&nbsp;<label for=\"answer-id-1735\" id=\"answer-label-1735\" class=\" answer label-4\"><span class=\"answer\">E<\/span><\/label><\/div>\n<\/div><input type=\"hidden\" id=\"questionType4\" value=\"radio\" class=\"required\"><\/div><div class=\"watu-question\" id=\"question-5\"><div class=\"question-content\"><p><span class=\"watu_num\">5. <\/span>On dit parfois que quelqu&rsquo;un est un &laquo; sujet du soir &raquo; ou un &laquo; sujet du matin &raquo;. Vous consid&eacute;rez-vous comme celui du matin ou du soir ?<\/p>\n<\/div><input type=\"hidden\" name=\"question_id[]\" value=\"136\"><div class=\"watu-questions-wrap \"><input type=\"hidden\" name=\"answer_ids[]\" class=\"watu-answer-ids\" value=\"739\"><div class=\"watu-question-choice\"><input type=\"radio\" name=\"answer-136[]\" id=\"answer-id-739\" class=\"answer answer-5  answerof-136\" value=\"739\">&nbsp;<label for=\"answer-id-739\" id=\"answer-label-739\" class=\" answer label-5\"><span class=\"answer\">Tout &agrave; fait un sujet du matin<br>\n<\/span><\/label><\/div>\n<input type=\"hidden\" name=\"answer_ids[]\" class=\"watu-answer-ids\" value=\"740\"><div class=\"watu-question-choice\"><input type=\"radio\" name=\"answer-136[]\" id=\"answer-id-740\" class=\"answer answer-5  answerof-136\" value=\"740\">&nbsp;<label for=\"answer-id-740\" id=\"answer-label-740\" class=\" answer label-5\"><span class=\"answer\">Plut&ocirc;t un sujet du matin<br>\n<\/span><\/label><\/div>\n<input type=\"hidden\" name=\"answer_ids[]\" class=\"watu-answer-ids\" value=\"741\"><div class=\"watu-question-choice\"><input type=\"radio\" name=\"answer-136[]\" id=\"answer-id-741\" class=\"answer answer-5  answerof-136\" value=\"741\">&nbsp;<label for=\"answer-id-741\" id=\"answer-label-741\" class=\" answer label-5\"><span class=\"answer\">Plut&ocirc;t un sujet du soir<br>\n<\/span><\/label><\/div>\n<input type=\"hidden\" name=\"answer_ids[]\" class=\"watu-answer-ids\" value=\"742\"><div class=\"watu-question-choice\"><input type=\"radio\" name=\"answer-136[]\" id=\"answer-id-742\" class=\"answer answer-5  answerof-136\" value=\"742\">&nbsp;<label for=\"answer-id-742\" id=\"answer-label-742\" class=\" answer label-5\"><span class=\"answer\">Tout &agrave; fait un sujet du soir<\/span><\/label><\/div>\n<\/div><input type=\"hidden\" id=\"questionType5\" value=\"radio\" class=\"required\"><\/div><div style=\"display:none\" id=\"question-6\"><br><div class=\"question-content\"><img loading=\"lazy\" decoding=\"async\" src=\"https:\/\/sfrms-app.fr\/wp-content\/plugins\/watu\/loading.gif\" width=\"16\" height=\"16\" alt=\"Chargement ...\" title=\"Chargement ...\"\/>&nbsp;Chargement &hellip;<\/div><\/div><br>\n<input type=\"button\" name=\"action\" onclick=\"Watu.submitResult()\" id=\"action-button\" value=\"R&eacute;sultats\" class=\"watu-submit-button\">\n<input type=\"hidden\" name=\"no_ajax\" value=\"0\"><input type=\"hidden\" name=\"quiz_id\" value=\"14\">\n<input type=\"hidden\" id=\"watuStartTime\" name=\"start_time\" value=\"2026-05-15 14:06:23\">\n<\/form>\n<\/div>\n<div id=\"watu-loading-result\" style=\"display:none;\">\n\t<p align=\"center\"><img loading=\"lazy\" decoding=\"async\" src=\"https:\/\/sfrms-app.fr\/wp-content\/plugins\/watu\/loading.gif\" width=\"16\" height=\"16\" alt=\"Chargement\" title=\"Chargement\"\/><\/p>\n<\/div>\t\n<script type=\"text\/javascript\">\nvar exam_id=0;\nvar question_ids='';\nvar watuURL='';\njQuery(function($){\nquestion_ids = \"132,133,134,135,136\";\nexam_id = 14;\nWatu.exam_id = exam_id;\nWatu.qArr = question_ids.split(',');\nWatu.post_id = 2955;\nWatu.singlePage = '1';\nWatu.hAppID = \"0.11514600 1778846783\";\nwatuURL = \"https:\/\/sfrms-app.fr\/wp-admin\/admin-ajax.php\";\nWatu.noAlertUnanswered = 0;\n});\n<\/script>\n","protected":false},"excerpt":{"rendered":"","protected":false},"author":1,"featured_media":0,"parent":0,"menu_order":0,"comment_status":"closed","ping_status":"closed","template":"","meta":{"footnotes":""},"class_list":["post-2955","page","type-page","status-publish","hentry"],"_links":{"self":[{"href":"https:\/\/sfrms-app.fr\/index.php\/wp-json\/wp\/v2\/pages\/2955","targetHints":{"allow":["GET"]}}],"collection":[{"href":"https:\/\/sfrms-app.fr\/index.php\/wp-json\/wp\/v2\/pages"}],"about":[{"href":"https:\/\/sfrms-app.fr\/index.php\/wp-json\/wp\/v2\/types\/page"}],"author":[{"embeddable":true,"href":"https:\/\/sfrms-app.fr\/index.php\/wp-json\/wp\/v2\/users\/1"}],"replies":[{"embeddable":true,"href":"https:\/\/sfrms-app.fr\/index.php\/wp-json\/wp\/v2\/comments?post=2955"}],"version-history":[{"count":1,"href":"https:\/\/sfrms-app.fr\/index.php\/wp-json\/wp\/v2\/pages\/2955\/revisions"}],"predecessor-version":[{"id":2956,"href":"https:\/\/sfrms-app.fr\/index.php\/wp-json\/wp\/v2\/pages\/2955\/revisions\/2956"}],"wp:attachment":[{"href":"https:\/\/sfrms-app.fr\/index.php\/wp-json\/wp\/v2\/media?parent=2955"}],"curies":[{"name":"wp","href":"https:\/\/api.w.org\/{rel}","templated":true}]}}